{"id":140,"date":"2024-05-02T19:17:32","date_gmt":"2024-05-02T19:17:32","guid":{"rendered":"https:\/\/farukhome.com\/?post_type=product&#038;p=140"},"modified":"2024-05-02T19:17:32","modified_gmt":"2024-05-02T19:17:32","slug":"premarcos","status":"publish","type":"product","link":"https:\/\/farukhome.com\/index.php\/producto\/premarcos\/","title":{"rendered":"premarcos"},"content":{"rendered":"<table border=\"0\" width=\"100%\" cellspacing=\"0\">\n<tbody>\n<tr>\n<td align=\"left\" valign=\"top\">Premarco de tubo de acero galvanizado de 60x20x2 mm, ensamblado mediante escuadras y con tornillos para la fijaci\u00f3n al paramento y para la fijaci\u00f3n de la carpinter\u00eda.<\/td>\n<\/tr>\n<\/tbody>\n<\/table>\n","protected":false},"excerpt":{"rendered":"<p>Premarco de tubo de acero galvanizado de 60x20x2 mm, ensamblado mediante escuadras y con tornillos para la fijaci\u00f3n al paramento y para la fijaci\u00f3n de la carpinter\u00eda.<\/p>\n","protected":false},"featured_media":0,"comment_status":"open","ping_status":"closed","template":"","meta":[],"product_cat":[20],"product_tag":[],"class_list":{"0":"post-140","1":"product","2":"type-product","3":"status-publish","5":"product_cat-sin-categorizar","7":"first","8":"instock","9":"taxable","10":"shipping-taxable","11":"purchasable","12":"product-type-simple"},"yoast_head":"<!-- This site is optimized with the Yoast SEO plugin v23.8 - https:\/\/yoast.com\/wordpress\/plugins\/seo\/ -->\n<title>premarcos - Faruk home<\/title>\n<meta name=\"robots\" content=\"index, follow, max-snippet:-1, max-image-preview:large, max-video-preview:-1\" \/>\n<link rel=\"canonical\" href=\"https:\/\/farukhome.com\/index.php\/producto\/premarcos\/\" \/>\n<meta property=\"og:locale\" content=\"es_ES\" \/>\n<meta property=\"og:type\" content=\"article\" \/>\n<meta property=\"og:title\" content=\"premarcos - Faruk home\" \/>\n<meta property=\"og:description\" content=\"Premarco de tubo de acero galvanizado de 60x20x2 mm, ensamblado mediante escuadras y con tornillos para la fijaci\u00f3n al paramento y para la fijaci\u00f3n de la carpinter\u00eda.\" \/>\n<meta property=\"og:url\" content=\"https:\/\/farukhome.com\/index.php\/producto\/premarcos\/\" \/>\n<meta property=\"og:site_name\" content=\"Faruk home\" \/>\n<meta name=\"twitter:card\" content=\"summary_large_image\" \/>\n<script type=\"application\/ld+json\" class=\"yoast-schema-graph\">{\"@context\":\"https:\/\/schema.org\",\"@graph\":[{\"@type\":\"WebPage\",\"@id\":\"https:\/\/farukhome.com\/index.php\/producto\/premarcos\/\",\"url\":\"https:\/\/farukhome.com\/index.php\/producto\/premarcos\/\",\"name\":\"premarcos - Faruk home\",\"isPartOf\":{\"@id\":\"https:\/\/farukhome.com\/#website\"},\"datePublished\":\"2024-05-02T19:17:32+00:00\",\"dateModified\":\"2024-05-02T19:17:32+00:00\",\"breadcrumb\":{\"@id\":\"https:\/\/farukhome.com\/index.php\/producto\/premarcos\/#breadcrumb\"},\"inLanguage\":\"es\",\"potentialAction\":[{\"@type\":\"ReadAction\",\"target\":[\"https:\/\/farukhome.com\/index.php\/producto\/premarcos\/\"]}]},{\"@type\":\"BreadcrumbList\",\"@id\":\"https:\/\/farukhome.com\/index.php\/producto\/premarcos\/#breadcrumb\",\"itemListElement\":[{\"@type\":\"ListItem\",\"position\":1,\"name\":\"Portada\",\"item\":\"https:\/\/farukhome.com\/\"},{\"@type\":\"ListItem\",\"position\":2,\"name\":\"Tienda\",\"item\":\"https:\/\/farukhome.com\/index.php\/tienda\/\"},{\"@type\":\"ListItem\",\"position\":3,\"name\":\"premarcos\"}]},{\"@type\":\"WebSite\",\"@id\":\"https:\/\/farukhome.com\/#website\",\"url\":\"https:\/\/farukhome.com\/\",\"name\":\"Faruk home\",\"description\":\"Damos forma a tus ideas\",\"potentialAction\":[{\"@type\":\"SearchAction\",\"target\":{\"@type\":\"EntryPoint\",\"urlTemplate\":\"https:\/\/farukhome.com\/?s={search_term_string}\"},\"query-input\":{\"@type\":\"PropertyValueSpecification\",\"valueRequired\":true,\"valueName\":\"search_term_string\"}}],\"inLanguage\":\"es\"}]}<\/script>\n<!-- \/ Yoast SEO plugin. -->","yoast_head_json":{"title":"premarcos - Faruk home","robots":{"index":"index","follow":"follow","max-snippet":"max-snippet:-1","max-image-preview":"max-image-preview:large","max-video-preview":"max-video-preview:-1"},"canonical":"https:\/\/farukhome.com\/index.php\/producto\/premarcos\/","og_locale":"es_ES","og_type":"article","og_title":"premarcos - Faruk home","og_description":"Premarco de tubo de acero galvanizado de 60x20x2 mm, ensamblado mediante escuadras y con tornillos para la fijaci\u00f3n al paramento y para la fijaci\u00f3n de la carpinter\u00eda.","og_url":"https:\/\/farukhome.com\/index.php\/producto\/premarcos\/","og_site_name":"Faruk home","twitter_card":"summary_large_image","schema":{"@context":"https:\/\/schema.org","@graph":[{"@type":"WebPage","@id":"https:\/\/farukhome.com\/index.php\/producto\/premarcos\/","url":"https:\/\/farukhome.com\/index.php\/producto\/premarcos\/","name":"premarcos - Faruk home","isPartOf":{"@id":"https:\/\/farukhome.com\/#website"},"datePublished":"2024-05-02T19:17:32+00:00","dateModified":"2024-05-02T19:17:32+00:00","breadcrumb":{"@id":"https:\/\/farukhome.com\/index.php\/producto\/premarcos\/#breadcrumb"},"inLanguage":"es","potentialAction":[{"@type":"ReadAction","target":["https:\/\/farukhome.com\/index.php\/producto\/premarcos\/"]}]},{"@type":"BreadcrumbList","@id":"https:\/\/farukhome.com\/index.php\/producto\/premarcos\/#breadcrumb","itemListElement":[{"@type":"ListItem","position":1,"name":"Portada","item":"https:\/\/farukhome.com\/"},{"@type":"ListItem","position":2,"name":"Tienda","item":"https:\/\/farukhome.com\/index.php\/tienda\/"},{"@type":"ListItem","position":3,"name":"premarcos"}]},{"@type":"WebSite","@id":"https:\/\/farukhome.com\/#website","url":"https:\/\/farukhome.com\/","name":"Faruk home","description":"Damos forma a tus ideas","potentialAction":[{"@type":"SearchAction","target":{"@type":"EntryPoint","urlTemplate":"https:\/\/farukhome.com\/?s={search_term_string}"},"query-input":{"@type":"PropertyValueSpecification","valueRequired":true,"valueName":"search_term_string"}}],"inLanguage":"es"}]}},"_links":{"self":[{"href":"https:\/\/farukhome.com\/index.php\/wp-json\/wp\/v2\/product\/140","targetHints":{"allow":["GET"]}}],"collection":[{"href":"https:\/\/farukhome.com\/index.php\/wp-json\/wp\/v2\/product"}],"about":[{"href":"https:\/\/farukhome.com\/index.php\/wp-json\/wp\/v2\/types\/product"}],"replies":[{"embeddable":true,"href":"https:\/\/farukhome.com\/index.php\/wp-json\/wp\/v2\/comments?post=140"}],"wp:attachment":[{"href":"https:\/\/farukhome.com\/index.php\/wp-json\/wp\/v2\/media?parent=140"}],"wp:term":[{"taxonomy":"product_cat","embeddable":true,"href":"https:\/\/farukhome.com\/index.php\/wp-json\/wp\/v2\/product_cat?post=140"},{"taxonomy":"product_tag","embeddable":true,"href":"https:\/\/farukhome.com\/index.php\/wp-json\/wp\/v2\/product_tag?post=140"}],"curies":[{"name":"wp","href":"https:\/\/api.w.org\/{rel}","templated":true}]}}