{"id":160,"date":"2024-05-06T18:18:50","date_gmt":"2024-05-06T18:18:50","guid":{"rendered":"https:\/\/farukhome.com\/?post_type=product&#038;p=160"},"modified":"2024-05-08T09:28:46","modified_gmt":"2024-05-08T09:28:46","slug":"pintura-copia","status":"publish","type":"product","link":"https:\/\/farukhome.com\/index.php\/producto\/pintura-copia\/","title":{"rendered":"PINTURA (copia)"},"content":{"rendered":"<blockquote><p>Aplicaci\u00f3n manual de dos manos de pintura pl\u00e1stica en pared de habitaci\u00f3n colindante con cuarto de ba\u00f1o, acabado mate, textura lisa, diluidas con un 15% de agua o sin diluir, (rendimiento: 0,1 l\/m\u00b2 cada mano); previa aplicaci\u00f3n de una mano de imprimaci\u00f3n acr\u00edlica reguladora de la absorci\u00f3n, sobre paramento interior de yeso proyectado o placas de yeso laminado, vertical, de hasta 3 m de altura.<\/p><\/blockquote>\n","protected":false},"excerpt":{"rendered":"<p>Aplicaci\u00f3n manual de dos manos de pintura pl\u00e1stica en pared de habitaci\u00f3n colindante con cuarto de ba\u00f1o, acabado mate, textura lisa, diluidas con un 15% de agua o sin diluir, (rendimiento: 0,1 l\/m\u00b2 cada mano); previa aplicaci\u00f3n de una mano de imprimaci\u00f3n acr\u00edlica reguladora de la absorci\u00f3n, sobre paramento interior de yeso proyectado o placas &hellip; <\/p>\n<p class=\"link-more\"><a href=\"https:\/\/farukhome.com\/index.php\/producto\/pintura-copia\/\" class=\"more-link\">Continuar leyendo<span class=\"screen-reader-text\"> \u00abPINTURA (copia)\u00bb<\/span><\/a><\/p>\n","protected":false},"featured_media":0,"comment_status":"open","ping_status":"closed","template":"","meta":[],"product_cat":[23],"product_tag":[],"class_list":{"0":"post-160","1":"product","2":"type-product","3":"status-publish","5":"product_cat-pintura","7":"first","8":"instock","9":"taxable","10":"shipping-taxable","11":"purchasable","12":"product-type-simple"},"yoast_head":"<!-- This site is optimized with the Yoast SEO plugin v23.8 - https:\/\/yoast.com\/wordpress\/plugins\/seo\/ -->\n<title>PINTURA (copia) - Faruk home<\/title>\n<meta name=\"robots\" content=\"index, follow, max-snippet:-1, max-image-preview:large, max-video-preview:-1\" \/>\n<link rel=\"canonical\" href=\"https:\/\/farukhome.com\/index.php\/producto\/pintura-copia\/\" \/>\n<meta property=\"og:locale\" content=\"es_ES\" \/>\n<meta property=\"og:type\" content=\"article\" \/>\n<meta property=\"og:title\" content=\"PINTURA (copia) - Faruk home\" \/>\n<meta property=\"og:description\" content=\"Aplicaci\u00f3n manual de dos manos de pintura pl\u00e1stica en pared de habitaci\u00f3n colindante con cuarto de ba\u00f1o, acabado mate, textura lisa, diluidas con un 15% de agua o sin diluir, (rendimiento: 0,1 l\/m\u00b2 cada mano); previa aplicaci\u00f3n de una mano de imprimaci\u00f3n acr\u00edlica reguladora de la absorci\u00f3n, sobre paramento interior de yeso proyectado o placas &hellip; Continuar leyendo &quot;PINTURA (copia)&quot;\" \/>\n<meta property=\"og:url\" content=\"https:\/\/farukhome.com\/index.php\/producto\/pintura-copia\/\" \/>\n<meta property=\"og:site_name\" content=\"Faruk home\" \/>\n<meta property=\"article:modified_time\" content=\"2024-05-08T09:28:46+00:00\" \/>\n<meta name=\"twitter:card\" content=\"summary_large_image\" \/>\n<script type=\"application\/ld+json\" class=\"yoast-schema-graph\">{\"@context\":\"https:\/\/schema.org\",\"@graph\":[{\"@type\":\"WebPage\",\"@id\":\"https:\/\/farukhome.com\/index.php\/producto\/pintura-copia\/\",\"url\":\"https:\/\/farukhome.com\/index.php\/producto\/pintura-copia\/\",\"name\":\"PINTURA (copia) - Faruk home\",\"isPartOf\":{\"@id\":\"https:\/\/farukhome.com\/#website\"},\"datePublished\":\"2024-05-06T18:18:50+00:00\",\"dateModified\":\"2024-05-08T09:28:46+00:00\",\"breadcrumb\":{\"@id\":\"https:\/\/farukhome.com\/index.php\/producto\/pintura-copia\/#breadcrumb\"},\"inLanguage\":\"es\",\"potentialAction\":[{\"@type\":\"ReadAction\",\"target\":[\"https:\/\/farukhome.com\/index.php\/producto\/pintura-copia\/\"]}]},{\"@type\":\"BreadcrumbList\",\"@id\":\"https:\/\/farukhome.com\/index.php\/producto\/pintura-copia\/#breadcrumb\",\"itemListElement\":[{\"@type\":\"ListItem\",\"position\":1,\"name\":\"Portada\",\"item\":\"https:\/\/farukhome.com\/\"},{\"@type\":\"ListItem\",\"position\":2,\"name\":\"Tienda\",\"item\":\"https:\/\/farukhome.com\/index.php\/tienda\/\"},{\"@type\":\"ListItem\",\"position\":3,\"name\":\"PINTURA (copia)\"}]},{\"@type\":\"WebSite\",\"@id\":\"https:\/\/farukhome.com\/#website\",\"url\":\"https:\/\/farukhome.com\/\",\"name\":\"Faruk home\",\"description\":\"Damos forma a tus ideas\",\"potentialAction\":[{\"@type\":\"SearchAction\",\"target\":{\"@type\":\"EntryPoint\",\"urlTemplate\":\"https:\/\/farukhome.com\/?s={search_term_string}\"},\"query-input\":{\"@type\":\"PropertyValueSpecification\",\"valueRequired\":true,\"valueName\":\"search_term_string\"}}],\"inLanguage\":\"es\"}]}<\/script>\n<!-- \/ Yoast SEO plugin. -->","yoast_head_json":{"title":"PINTURA (copia) - Faruk home","robots":{"index":"index","follow":"follow","max-snippet":"max-snippet:-1","max-image-preview":"max-image-preview:large","max-video-preview":"max-video-preview:-1"},"canonical":"https:\/\/farukhome.com\/index.php\/producto\/pintura-copia\/","og_locale":"es_ES","og_type":"article","og_title":"PINTURA (copia) - Faruk home","og_description":"Aplicaci\u00f3n manual de dos manos de pintura pl\u00e1stica en pared de habitaci\u00f3n colindante con cuarto de ba\u00f1o, acabado mate, textura lisa, diluidas con un 15% de agua o sin diluir, (rendimiento: 0,1 l\/m\u00b2 cada mano); previa aplicaci\u00f3n de una mano de imprimaci\u00f3n acr\u00edlica reguladora de la absorci\u00f3n, sobre paramento interior de yeso proyectado o placas &hellip; Continuar leyendo \"PINTURA (copia)\"","og_url":"https:\/\/farukhome.com\/index.php\/producto\/pintura-copia\/","og_site_name":"Faruk home","article_modified_time":"2024-05-08T09:28:46+00:00","twitter_card":"summary_large_image","schema":{"@context":"https:\/\/schema.org","@graph":[{"@type":"WebPage","@id":"https:\/\/farukhome.com\/index.php\/producto\/pintura-copia\/","url":"https:\/\/farukhome.com\/index.php\/producto\/pintura-copia\/","name":"PINTURA (copia) - Faruk home","isPartOf":{"@id":"https:\/\/farukhome.com\/#website"},"datePublished":"2024-05-06T18:18:50+00:00","dateModified":"2024-05-08T09:28:46+00:00","breadcrumb":{"@id":"https:\/\/farukhome.com\/index.php\/producto\/pintura-copia\/#breadcrumb"},"inLanguage":"es","potentialAction":[{"@type":"ReadAction","target":["https:\/\/farukhome.com\/index.php\/producto\/pintura-copia\/"]}]},{"@type":"BreadcrumbList","@id":"https:\/\/farukhome.com\/index.php\/producto\/pintura-copia\/#breadcrumb","itemListElement":[{"@type":"ListItem","position":1,"name":"Portada","item":"https:\/\/farukhome.com\/"},{"@type":"ListItem","position":2,"name":"Tienda","item":"https:\/\/farukhome.com\/index.php\/tienda\/"},{"@type":"ListItem","position":3,"name":"PINTURA (copia)"}]},{"@type":"WebSite","@id":"https:\/\/farukhome.com\/#website","url":"https:\/\/farukhome.com\/","name":"Faruk home","description":"Damos forma a tus ideas","potentialAction":[{"@type":"SearchAction","target":{"@type":"EntryPoint","urlTemplate":"https:\/\/farukhome.com\/?s={search_term_string}"},"query-input":{"@type":"PropertyValueSpecification","valueRequired":true,"valueName":"search_term_string"}}],"inLanguage":"es"}]}},"_links":{"self":[{"href":"https:\/\/farukhome.com\/index.php\/wp-json\/wp\/v2\/product\/160","targetHints":{"allow":["GET"]}}],"collection":[{"href":"https:\/\/farukhome.com\/index.php\/wp-json\/wp\/v2\/product"}],"about":[{"href":"https:\/\/farukhome.com\/index.php\/wp-json\/wp\/v2\/types\/product"}],"replies":[{"embeddable":true,"href":"https:\/\/farukhome.com\/index.php\/wp-json\/wp\/v2\/comments?post=160"}],"wp:attachment":[{"href":"https:\/\/farukhome.com\/index.php\/wp-json\/wp\/v2\/media?parent=160"}],"wp:term":[{"taxonomy":"product_cat","embeddable":true,"href":"https:\/\/farukhome.com\/index.php\/wp-json\/wp\/v2\/product_cat?post=160"},{"taxonomy":"product_tag","embeddable":true,"href":"https:\/\/farukhome.com\/index.php\/wp-json\/wp\/v2\/product_tag?post=160"}],"curies":[{"name":"wp","href":"https:\/\/api.w.org\/{rel}","templated":true}]}}